{"id":32188,"date":"2022-03-08T15:54:25","date_gmt":"2022-03-08T13:54:25","guid":{"rendered":"https:\/\/seebeauty.ee\/privacy-policy\/"},"modified":"2023-11-02T14:38:50","modified_gmt":"2023-11-02T12:38:50","slug":"privacy-policy","status":"publish","type":"page","link":"https:\/\/seebeauty.ee\/en\/privacy-policy\/","title":{"rendered":"Privacy Policy"},"content":{"rendered":"\t\t<div data-elementor-type=\"wp-page\" data-elementor-id=\"32188\" class=\"elementor elementor-32188 elementor-26934\">\n\t\t\t\t\t\t<section class=\"elementor-section elementor-top-section elementor-element elementor-element-731fa7fb elementor-section-boxed elementor-section-height-default elementor-section-height-default\" data-id=\"731fa7fb\" data-element_type=\"section\" data-e-type=\"section\">\n\t\t\t\t\t\t<div class=\"elementor-container elementor-column-gap-default\">\n\t\t\t\t\t<div class=\"elementor-column elementor-col-100 elementor-top-column elementor-element elementor-element-3e30b8ad\" data-id=\"3e30b8ad\" data-element_type=\"column\" data-e-type=\"column\">\n\t\t\t<div class=\"elementor-widget-wrap elementor-element-populated\">\n\t\t\t\t\t\t<div class=\"elementor-element elementor-element-393a956b elementor-widget elementor-widget-text-editor\" data-id=\"393a956b\" data-element_type=\"widget\" data-e-type=\"widget\" data-widget_type=\"text-editor.default\">\n\t\t\t\t\t\t\t\t\t<h4>1. Processing of personal data<\/h4>\n<p>The controller of personal data of the webshop www.seebeauty.ee is S.E. Beauty O\u00dc (registration code 12631823), Ahtri 12 \/ J\u00f5e 9-13, 10151 Tallinn, phone +372 53 232 814 and email <a href=\"mailto:info@seebeauty.ee\" target=\"_blank\" rel=\"noopener\">info@seebeauty.ee<\/a>.<strong> <\/strong><\/p>\n<h4>2. What personal data is processed<\/h4>\n<p>&#8211; name, telephone number and email address;<br \/>&#8211; delivery address;<br \/>&#8211; bank account number;<br \/>&#8211; the cost of goods and services and the details of payments (purchase history);<br \/>&#8211; customer support details.<\/p>\n<h4>3. Purposes for which personal data are processed<\/h4>\n<p>Personal data is used for the management of customer orders and the delivery of goods.<\/p>\n<p>Purchase history data (date of purchase, goods, quantity, customer details) is used to compile an overview of goods and services purchased and to analyse customer preferences.<\/p>\n<p>The bank account number is used to return payments to the customer.<\/p>\n<p>Personal data, such as email, telephone number, customer name, are processed in order to resolve issues related to the provision of goods and services (customer support).<\/p>\n<p>The IP address or other network identifiers of the user of the online shop are processed for the purpose of providing the online shop as an information society service and for the purpose of web usage statistics.<\/p>\n<h4>4. Legal basis<\/h4>\n<p>The processing of personal data is carried out for the purpose of the performance of a contract with a customer.<\/p>\n<p>The processing of personal data is carried out for the fulfilment of a legal obligation (e.g. for accounting and.<br \/>resolving consumer disputes).<\/p>\n<h4>5. Recipients to whom personal data are disclosed<\/h4>\n<p>Personal data will be transferred to the online shop&#8217;s customer support for the purpose of managing purchases and purchase history and resolving customer issues.<\/p>\n<p>The name, telephone number and email address will be forwarded to the transport service provider chosen by the customer. In the case of goods delivered by courier, the customer&#8217;s address will be provided in addition to the contact details.<\/p>\n<p>If the accounting of the online shop is carried out by the service provider, the personal data will be transferred to the service provider for the purpose of carrying out accounting operations.<\/p>\n<p>Personal data may be transferred to information technology service providers if this is necessary to ensure the functionality or data availability of the website.<\/p>\n<p>S.E. Beauty O\u00dc is the controller of the personal data, S.E. Beauty O\u00dc forwards the personal data necessary for the execution of payments to the processor Montonio Finance O\u00dc.<\/p>\n<h4>6. Security and data access<\/h4>\n<p>Personal data is stored on www.zone.ee servers located in the territory of a Member State of the European Union or in the territory of the countries that have acceded to the European Economic Area. Data may be transferred to countries whose level of data protection has been assessed as adequate by the European Commission and to companies in the United States that have signed up to the Privacy Shield framework.<\/p>\n<p>Access to personal data is granted to the employees of the online shop, who can access personal data in order to resolve technical issues related to the use of the online shop and to provide customer support services.<\/p>\n<p>The online shop implements appropriate physical, organisational and IT security measures to protect personal data against accidental or unlawful destruction, loss, alteration or unauthorised access and disclosure.<\/p>\n<p>The transfer of personal data to the online shop&#8217;s processors (e.g. transport service provider and data aggregator) is based on contracts between the online shop and the processors. Data controllers are required to ensure appropriate safeguards when processing personal data.<\/p>\n<h4>7. Access to and correction of personal data<\/h4>\n<p>Personal data can be accessed and corrections can be made via the online support.<\/p>\n<h4>8. Withdrawal of consent<\/h4>\n<p>If the processing of personal data is based on the consent of the customer, the customer has the right to withdraw the consent by informing Customer Support by email.<\/p>\n<h4>9. Storage<\/h4>\n<p>Personal data will be deleted when you close your online shop account, unless such data needs to be stored for accounting purposes or to resolve consumer disputes.<\/p>\n<p>If a purchase is made in an online shop without a customer account, the purchase history is kept for three years.<\/p>\n<p>In the case of disputes relating to payments and consumer disputes, personal data will be kept until the claim is settled or the limitation period expires.<\/p>\n<p>Personal data necessary for accounting purposes are kept for seven years.<\/p>\n<h4>10. Deletion<\/h4>\n<p>In order to delete personal data, you must contact customer support by email. A reply to the deletion request will be given within one month at the latest, specifying the period of deletion.<\/p>\n<h4>11. Transfer<\/h4>\n<p>Requests for the transfer of personal data made by email will be answered within one month at the latest. The customer support will verify the identity and notify the personal data to be transferred.<\/p>\n<h4>12. Direct marketing communications<\/h4>\n<p>The email address and telephone number will be used to send direct marketing messages if the customer has given their consent. If the customer does not wish to receive direct marketing communications, he\/she should select the appropriate reference in the footer of the email or contact customer support.<\/p>\n<h4>13. Dispute settlement<\/h4>\n<p>Disputes relating to the processing of personal data can be resolved through the Customer Support <a href=\"mailto:info@seebeauty.ee\" target=\"_blank\" rel=\"noopener\">(info@seebeauty.ee)<\/a>. The supervisory authority is the Estonian Data Protection Inspectorate <a href=\"mailto:info@aki.ee\" target=\"_blank\" rel=\"noopener\">(info@aki.ee)<\/a>.<\/p>\n\t\t\t\t\t\t\t\t<\/div>\n\t\t\t\t\t<\/div>\n\t\t<\/div>\n\t\t\t\t\t<\/div>\n\t\t<\/section>\n\t\t\t\t<\/div>\n\t\t","protected":false},"excerpt":{"rendered":"<p>1. Processing of personal data The controller of personal data of the webshop www.seebeauty.ee is S.E. Beauty O\u00dc (registration code 12631823), Ahtri 12 \/ J\u00f5e 9-13, 10151 Tallinn, phone +372 53 232 814 and email info@seebeauty.ee. 2. What personal data is processed &#8211; name, telephone number and email address;&#8211; delivery address;&#8211; bank account number;&#8211; the [&hellip;]<\/p>\n","protected":false},"author":1,"featured_media":0,"parent":0,"menu_order":0,"comment_status":"closed","ping_status":"closed","template":"","meta":{"footnotes":""},"class_list":["post-32188","page","type-page","status-publish","hentry"],"aioseo_notices":[],"_links":{"self":[{"href":"https:\/\/seebeauty.ee\/en\/wp-json\/wp\/v2\/pages\/32188","targetHints":{"allow":["GET"]}}],"collection":[{"href":"https:\/\/seebeauty.ee\/en\/wp-json\/wp\/v2\/pages"}],"about":[{"href":"https:\/\/seebeauty.ee\/en\/wp-json\/wp\/v2\/types\/page"}],"author":[{"embeddable":true,"href":"https:\/\/seebeauty.ee\/en\/wp-json\/wp\/v2\/users\/1"}],"replies":[{"embeddable":true,"href":"https:\/\/seebeauty.ee\/en\/wp-json\/wp\/v2\/comments?post=32188"}],"version-history":[{"count":8,"href":"https:\/\/seebeauty.ee\/en\/wp-json\/wp\/v2\/pages\/32188\/revisions"}],"predecessor-version":[{"id":36210,"href":"https:\/\/seebeauty.ee\/en\/wp-json\/wp\/v2\/pages\/32188\/revisions\/36210"}],"wp:attachment":[{"href":"https:\/\/seebeauty.ee\/en\/wp-json\/wp\/v2\/media?parent=32188"}],"curies":[{"name":"wp","href":"https:\/\/api.w.org\/{rel}","templated":true}]}}